{"id":470,"date":"2023-03-29T21:03:15","date_gmt":"2023-03-30T02:03:15","guid":{"rendered":"https:\/\/enicip.edu.co\/?page_id=470"},"modified":"2024-04-17T10:57:02","modified_gmt":"2024-04-17T15:57:02","slug":"https-www-asistiendo-com-prod-0020101-0312y0l4c7-reg-login-asplangesid000001a0q0x6r3b9j9j2c6a5b2o2g2y0l4c7","status":"publish","type":"page","link":"https:\/\/enicip.edu.co\/en\/https-www-asistiendo-com-prod-0020101-0312y0l4c7-reg-login-asplangesid000001a0q0x6r3b9j9j2c6a5b2o2g2y0l4c7\/","title":{"rendered":"Login"},"content":{"rendered":"\n[et_pb_section fb_built=\u00bb1&#8243; _builder_version=\u00bb4.20.2&#8243; _module_preset=\u00bbdefault\u00bb background_image=\u00bbhttps:\/\/enicip.edu.co\/wp-content\/uploads\/2023\/03\/Recurso-5.png\u00bb da_disable_devices=\u00bboff|off|off\u00bb global_colors_info=\u00bb{}\u00bb da_is_popup=\u00bboff\u00bb da_exit_intent=\u00bboff\u00bb da_has_close=\u00bbon\u00bb da_alt_close=\u00bboff\u00bb da_dark_close=\u00bboff\u00bb da_not_modal=\u00bbon\u00bb da_is_singular=\u00bboff\u00bb da_with_loader=\u00bboff\u00bb da_has_shadow=\u00bbon\u00bb][et_pb_row column_structure=\u00bb1_3,1_3,1_3&#8243; _builder_version=\u00bb4.20.0&#8243; _module_preset=\u00bbdefault\u00bb width_tablet=\u00bb\u00bb width_phone=\u00bb78%\u00bb width_last_edited=\u00bbon|phone\u00bb module_alignment=\u00bbcenter\u00bb custom_margin=\u00bb-8px|auto||auto||\u00bb custom_padding=\u00bb||28px|||\u00bb global_colors_info=\u00bb{}\u00bb][et_pb_column type=\u00bb1_3&#8243; _builder_version=\u00bb4.20.0&#8243; _module_preset=\u00bbdefault\u00bb background_color=\u00bb#46b7a8&#8243; animation_style=\u00bbzoom\u00bb border_radii=\u00bbon|16px|16px|16px|16px\u00bb global_colors_info=\u00bb{}\u00bb][et_pb_pricing_tables featured_table_background_color=\u00bbrgba(40,40,40,0)\u00bb featured_table_header_background_color=\u00bb#157698&#8243; header_background_color=\u00bb#00b799&#8243; featured_table_subheader_text_color=\u00bb#70205B\u00bb show_bullet=\u00bboff\u00bb featured_table_price_background_color=\u00bbRGBA(255,255,255,0)\u00bb featured_table_price_color=\u00bb#5bffeb\u00bb featured_table_currency_frequency_text_color=\u00bbRGBA(255,255,255,0)\u00bb admin_label=\u00bbtabla precio ponente\u00bb _builder_version=\u00bb4.20.4&#8243; _module_preset=\u00bbdefault\u00bb currency_frequency_text_color=\u00bb#54ffe2&#8243; price_text_color=\u00bb#70205B\u00bb header_level=\u00bbh1&#8243; header_font=\u00bb|600|||||||\u00bb header_text_align=\u00bbcenter\u00bb header_font_size=\u00bb40px\u00bb body_font=\u00bbRoboto|700|||||||\u00bb body_font_size=\u00bb25px\u00bb subheader_font=\u00bbRoboto Mono|700|||||||\u00bb subheader_font_size=\u00bb25px\u00bb price_font=\u00bbRoboto|800|||||||\u00bb price_font_size=\u00bb45px\u00bb price_line_height=\u00bb70px\u00bb currency_frequency_font=\u00bbRoboto|700|||||||\u00bb currency_frequency_font_size=\u00bb20px\u00bb currency_frequency_line_height=\u00bb1.5em\u00bb excluded_font_size=\u00bb7px\u00bb background_color=\u00bbRGBA(255,255,255,0)\u00bb custom_button=\u00bbon\u00bb button_border_width=\u00bb11px\u00bb min_height=\u00bb221.4px\u00bb custom_padding=\u00bb||0px|||\u00bb link_option_url=\u00bbhttps:\/\/www.asistiendo.com\/prod\/0020101\/0312Y0L4C7\/reg\/login.asp?lang=es&#038;id=000001A0Q0X6R3B9J9J2C6A5B2O2G2Y0L4C7&#8243; link_option_url_new_window=\u00bbon\u00bb subheader_text_shadow_style=\u00bbpreset1&#8243; price_text_shadow_style=\u00bbpreset1&#8243; border_style_all_price=\u00bbnone\u00bb global_colors_info=\u00bb{}\u00bb][et_pb_pricing_table title=\u00bbPonente de res\u00famen\u00bb currency=\u00bbCOP\u00bb sum=\u00bb$250.000&#8243; button_url=\u00bbhttps:\/\/www.asistiendo.com\/prod\/0020101\/0312Y0L4C7\/reg\/login.asp?lang=es&#038;id=000001A0Q0X6R3B9J9J2C6A5B2O2G2Y0L4C7&#8243; url_new_window=\u00bbon\u00bb button_text_tablet=\u00bb\u00bb button_text_phone=\u00bb\u00bb button_text_last_edited=\u00bbon|desktop\u00bb _builder_version=\u00bb4.20.4&#8243; _module_preset=\u00bbdefault\u00bb link_option_url=\u00bbhttps:\/\/www.asistiendo.com\/prod\/0020101\/0312Y0L4C7\/reg\/login.asp?lang=es&#038;id=000001A0Q0X6R3B9J9J2C6A5B2O2G2Y0L4C7&#8243; link_option_url_new_window=\u00bbon\u00bb global_colors_info=\u00bb{}\u00bb sticky_transition=\u00bbon\u00bb]<h2 style=\"text-align: center;\"><span style=\"color: #ffffff;\"><em>\u00a0$<\/em><strong>54 <\/strong><\/span><span style=\"color: #ffffff;\"><em>USD<\/em><\/span><\/h2>[\/et_pb_pricing_table][\/et_pb_pricing_tables][et_pb_toggle title=\u00bbQu\u00e9 incluye este valor?\u00bb icon_color=\u00bb#70205B\u00bb _builder_version=\u00bb4.20.4&#8243; _module_preset=\u00bbdefault\u00bb custom_margin=\u00bb-26px|||||\u00bb locked=\u00bboff\u00bb global_colors_info=\u00bb{}\u00bb]<ul class=\"et_pb_pricing\">\n<li><span>Dos refrigerios por d\u00eda.<\/span><\/li>\n<li><span>Acceso permanente a la estaci\u00f3n de caf\u00e9.<\/span><\/li>\n<li><span>Material de apoyo.<\/span><\/li>\n<li><span>Presentaci\u00f3n de res\u00famen de investigaci\u00f3n.<\/span><\/li>\n<li><span>Certificado de participaci\u00f3n como ponente.<\/span><\/li>\n<li><span>Publicaci\u00f3n de memorias en la Revista Colombiana de Ciencias Pecuarias.<\/span><\/li>\n<\/ul>[\/et_pb_toggle][\/et_pb_column][et_pb_column type=\u00bb1_3&#8243; _builder_version=\u00bb4.20.0&#8243; _module_preset=\u00bbdefault\u00bb background_color=\u00bb#157698&#8243; animation_style=\u00bbzoom\u00bb animation_delay=\u00bb50ms\u00bb border_radii=\u00bbon|16px|16px|16px|16px\u00bb global_colors_info=\u00bb{}\u00bb][et_pb_pricing_tables featured_table_background_color=\u00bbrgba(40,40,40,0)\u00bb featured_table_header_background_color=\u00bb#157698&#8243; header_background_color=\u00bbrgba(0,60,66,0.86)\u00bb featured_table_subheader_text_color=\u00bb#70205B\u00bb show_bullet=\u00bboff\u00bb featured_table_price_background_color=\u00bbRGBA(255,255,255,0)\u00bb featured_table_price_color=\u00bb#5bffeb\u00bb featured_table_currency_frequency_text_color=\u00bbRGBA(255,255,255,0)\u00bb admin_label=\u00bbtabla precio ponente\u00bb _builder_version=\u00bb4.20.4&#8243; _module_preset=\u00bbdefault\u00bb currency_frequency_text_color=\u00bb#d1f24d\u00bb price_text_color=\u00bb#5be5dc\u00bb body_text_color=\u00bb#382300&#8243; header_level=\u00bbh1&#8243; header_font=\u00bb|600|||||||\u00bb header_text_align=\u00bbcenter\u00bb header_font_size=\u00bb31px\u00bb body_font=\u00bbRoboto|700|||||||\u00bb body_font_size=\u00bb25px\u00bb subheader_font=\u00bbRoboto Mono|700|||||||\u00bb subheader_font_size=\u00bb25px\u00bb price_font=\u00bbRoboto|800|||||||\u00bb price_font_size=\u00bb45px\u00bb price_line_height=\u00bb70px\u00bb currency_frequency_font=\u00bbRoboto|700|||||||\u00bb currency_frequency_font_size=\u00bb20px\u00bb currency_frequency_line_height=\u00bb1.5em\u00bb excluded_font_size=\u00bb7px\u00bb background_color=\u00bbRGBA(255,255,255,0)\u00bb custom_button=\u00bbon\u00bb button_border_width=\u00bb11px\u00bb min_height=\u00bb221.4px\u00bb custom_margin=\u00bb||-1px|||\u00bb custom_padding=\u00bb||1px|||\u00bb link_option_url=\u00bbhttps:\/\/www.asistiendo.com\/prod\/0020101\/0312Y0L4C7\/reg\/login.asp?lang=es&#038;id=000001A0Q0X6R3B9J9J2C6A5B2O2G2Y0L4C7&#8243; link_option_url_new_window=\u00bbon\u00bb subheader_text_shadow_style=\u00bbpreset1&#8243; price_text_shadow_style=\u00bbpreset1&#8243; border_style_all_price=\u00bbnone\u00bb locked=\u00bboff\u00bb global_colors_info=\u00bb{}\u00bb][et_pb_pricing_table title=\u00bbEstudiantes de pregrado y posgrado\u00bb currency=\u00bbCOP\u00bb sum=\u00bb$150.000&#8243; button_url=\u00bbhttps:\/\/www.asistiendo.com\/prod\/0020101\/0312Y0L4C7\/reg\/login.asp?lang=es&#038;id=000001A0Q0X6R3B9J9J2C6A5B2O2G2Y0L4C7&#8243; url_new_window=\u00bbon\u00bb button_text_tablet=\u00bb\u00bb button_text_phone=\u00bb\u00bb button_text_last_edited=\u00bbon|desktop\u00bb _builder_version=\u00bb4.20.4&#8243; _module_preset=\u00bbdefault\u00bb link_option_url=\u00bbhttps:\/\/www.asistiendo.com\/prod\/0020101\/0312Y0L4C7\/reg\/login.asp?lang=es&#038;id=000001A0Q0X6R3B9J9J2C6A5B2O2G2Y0L4C7&#8243; link_option_url_new_window=\u00bbon\u00bb global_colors_info=\u00bb{}\u00bb sticky_transition=\u00bbon\u00bb]<h2 style=\"text-align: center;\"><span style=\"color: #00ffff;\"><em>$<\/em><strong>33 <\/strong><em>USD<\/em><\/span><\/h2>[\/et_pb_pricing_table][\/et_pb_pricing_tables][et_pb_toggle title=\u00bbQu\u00e9 incluye este valor?\u00bb icon_color=\u00bb#70205B\u00bb _builder_version=\u00bb4.20.4&#8243; _module_preset=\u00bbdefault\u00bb custom_margin=\u00bb-27px|||||\u00bb locked=\u00bboff\u00bb global_colors_info=\u00bb{}\u00bb]<ul class=\"et_pb_pricing\">\n<li><span>Dos refrigerios por d\u00eda.<\/span><\/li>\n<li><span>Acceso permanente a la estaci\u00f3n de caf\u00e9.<\/span><\/li>\n<li><span>Material de apoyo.<\/span><\/li>\n<li><span>Certificado de asistencia.<\/span><\/li>\n<\/ul>[\/et_pb_toggle][\/et_pb_column][et_pb_column type=\u00bb1_3&#8243; _builder_version=\u00bb4.20.0&#8243; _module_preset=\u00bbdefault\u00bb background_color=\u00bb#8dbf44&#8243; animation_style=\u00bbzoom\u00bb animation_delay=\u00bb150ms\u00bb border_radii=\u00bbon|16px|16px|16px|16px\u00bb global_colors_info=\u00bb{}\u00bb][et_pb_pricing_tables featured_table_background_color=\u00bbrgba(40,40,40,0)\u00bb featured_table_header_background_color=\u00bbRGBA(255,255,255,0)\u00bb header_background_color=\u00bb#5fad1f\u00bb featured_table_subheader_text_color=\u00bb#70205B\u00bb show_bullet=\u00bboff\u00bb featured_table_price_background_color=\u00bbRGBA(255,255,255,0)\u00bb featured_table_price_color=\u00bbRGBA(255,255,255,0)\u00bb featured_table_currency_frequency_text_color=\u00bbRGBA(255,255,255,0)\u00bb admin_label=\u00bbtabla precio ponente\u00bb _builder_version=\u00bb4.20.4&#8243; _module_preset=\u00bbdefault\u00bb currency_frequency_text_color=\u00bb#444200&#8243; price_text_color=\u00bb#e4f450&#8243; header_level=\u00bbh1&#8243; header_font=\u00bb|600|||||||\u00bb header_text_align=\u00bbcenter\u00bb header_font_size=\u00bb40px\u00bb body_font=\u00bbRoboto|700|||||||\u00bb body_font_size=\u00bb25px\u00bb subheader_font=\u00bbRoboto Mono|700|||||||\u00bb subheader_font_size=\u00bb25px\u00bb price_font=\u00bbRoboto|800|||||||\u00bb price_font_size=\u00bb45px\u00bb price_line_height=\u00bb70px\u00bb currency_frequency_font=\u00bbRoboto|700|||||||\u00bb currency_frequency_font_size=\u00bb20px\u00bb currency_frequency_line_height=\u00bb1.5em\u00bb excluded_font_size=\u00bb7px\u00bb background_color=\u00bbRGBA(255,255,255,0)\u00bb custom_button=\u00bbon\u00bb button_border_width=\u00bb11px\u00bb min_height=\u00bb221.4px\u00bb custom_padding=\u00bb||0px|||\u00bb link_option_url=\u00bbhttps:\/\/www.asistiendo.com\/prod\/0020101\/0312Y0L4C7\/reg\/login.asp?lang=es&#038;id=000001A0Q0X6R3B9J9J2C6A5B2O2G2Y0L4C7&#8243; link_option_url_new_window=\u00bbon\u00bb subheader_text_shadow_style=\u00bbpreset1&#8243; price_text_shadow_style=\u00bbpreset1&#8243; border_style_all_price=\u00bbnone\u00bb locked=\u00bboff\u00bb global_colors_info=\u00bb{}\u00bb][et_pb_pricing_table title=\u00bbAsistente p\u00fablico general\u00bb currency=\u00bbCOP\u00bb sum=\u00bb$250.000&#8243; button_url=\u00bbhttps:\/\/www.asistiendo.com\/prod\/0020101\/0312Y0L4C7\/reg\/login.asp?lang=es&#038;id=000001A0Q0X6R3B9J9J2C6A5B2O2G2Y0L4C7&#8243; url_new_window=\u00bbon\u00bb button_text_tablet=\u00bb\u00bb button_text_phone=\u00bb\u00bb button_text_last_edited=\u00bbon|desktop\u00bb _builder_version=\u00bb4.20.4&#8243; _module_preset=\u00bbdefault\u00bb link_option_url=\u00bbhttps:\/\/www.asistiendo.com\/prod\/0020101\/0312Y0L4C7\/reg\/login.asp?lang=es&#038;id=000001A0Q0X6R3B9J9J2C6A5B2O2G2Y0L4C7&#8243; link_option_url_new_window=\u00bbon\u00bb global_colors_info=\u00bb{}\u00bb sticky_transition=\u00bbon\u00bb]<h1 style=\"text-align: center;\"><span style=\"color: #ffff00;\"><em>$<\/em><strong>54 <\/strong><em>USD<\/em><\/span><\/h1>[\/et_pb_pricing_table][\/et_pb_pricing_tables][et_pb_toggle title=\u00bbQu\u00e9 incluye este valor?\u00bb icon_color=\u00bb#70205B\u00bb _builder_version=\u00bb4.20.4&#8243; _module_preset=\u00bbdefault\u00bb custom_margin=\u00bb-27px|||||\u00bb locked=\u00bboff\u00bb global_colors_info=\u00bb{}\u00bb]<ul class=\"et_pb_pricing\">\n<li><span>Dos refrigerios por d\u00eda.<\/span><\/li>\n<li><span>Acceso permanente a la estaci\u00f3n de caf\u00e9.<\/span><\/li>\n<li><span>Material de apoyo.<\/span><\/li>\n<li><span>Certificado de asistencia.<\/span><\/li>\n<\/ul>[\/et_pb_toggle][\/et_pb_column][\/et_pb_row][\/et_pb_section][et_pb_section fb_built=\u00bb1&#8243; admin_label=\u00bbWork Process Section\u00bb _builder_version=\u00bb4.16&#8243; background_color=\u00bb#2a3443&#8243; custom_padding=\u00bb67px|0px|100px|0px||\u00bb global_colors_info=\u00bb{}\u00bb theme_builder_area=\u00bbpost_content\u00bb locked=\u00bboff\u00bb da_is_popup=\u00bboff\u00bb da_exit_intent=\u00bboff\u00bb da_has_close=\u00bbon\u00bb da_alt_close=\u00bboff\u00bb da_dark_close=\u00bboff\u00bb da_not_modal=\u00bbon\u00bb da_is_singular=\u00bboff\u00bb da_with_loader=\u00bboff\u00bb da_has_shadow=\u00bbon\u00bb da_disable_devices=\u00bboff|off|off\u00bb][et_pb_row admin_label=\u00bbTexts And Button\u00bb _builder_version=\u00bb4.16&#8243; custom_padding=\u00bb|||\u00bb global_colors_info=\u00bb{}\u00bb theme_builder_area=\u00bbpost_content\u00bb][et_pb_column type=\u00bb4_4&#8243; _builder_version=\u00bb4.16&#8243; custom_padding=\u00bb|||\u00bb global_colors_info=\u00bb{}\u00bb custom_padding__hover=\u00bb|||\u00bb theme_builder_area=\u00bbpost_content\u00bb][et_pb_text admin_label=\u00bbTitle and subhead\u00bb _builder_version=\u00bb4.16&#8243; text_font=\u00bbUbuntu||||||||\u00bb text_text_color=\u00bbrgba(255,255,255,0.7)\u00bb text_font_size=\u00bb16px\u00bb text_line_height=\u00bb1.8em\u00bb header_font=\u00bb||||||||\u00bb header_text_color=\u00bb#ffffff\u00bb header_2_font=\u00bbMontserrat|700|||||||\u00bb header_2_text_color=\u00bb#ffffff\u00bb header_2_font_size=\u00bb40px\u00bb header_2_line_height=\u00bb1.4em\u00bb background_layout=\u00bbdark\u00bb max_width=\u00bb1053px\u00bb module_alignment=\u00bbleft\u00bb global_colors_info=\u00bb{}\u00bb theme_builder_area=\u00bbpost_content\u00bb custom_margin=\u00bb|-490px||||\u00bb custom_padding=\u00bb|0px|0px|||\u00bb]<h2>Cronograma<\/h2>\n<p>In hac habitas<\/p>[\/et_pb_text][\/et_pb_column][\/et_pb_row][et_pb_row admin_label=\u00bbServices\u00bb _builder_version=\u00bb4.16&#8243; global_colors_info=\u00bb{}\u00bb column_structure=\u00bb1_3,1_3,1_3&#8243; theme_builder_area=\u00bbpost_content\u00bb custom_padding=\u00bb||0px|||\u00bb][et_pb_column type=\u00bb1_3&#8243; _builder_version=\u00bb4.16&#8243; custom_padding=\u00bb|||\u00bb global_colors_info=\u00bb{}\u00bb custom_padding__hover=\u00bb|||\u00bb theme_builder_area=\u00bbpost_content\u00bb][et_pb_blurb title=\u00bbFecha l\u00edmite para enviar los trabajos\u00bb image=\u00bbhttps:\/\/enicip.edu.co\/wp-content\/uploads\/2023\/04\/crono-envio-de-trabajo-e1680665064698.png\u00bb admin_label=\u00bbService\u00bb _builder_version=\u00bb4.20.4&#8243; header_font=\u00bbMontserrat|600|||||||\u00bb header_text_align=\u00bbcenter\u00bb header_font_size=\u00bb20px\u00bb header_line_height=\u00bb1.7em\u00bb body_font=\u00bbUbuntu||||||||\u00bb body_text_align=\u00bbcenter\u00bb body_text_color=\u00bbrgba(255,255,255,0.7)\u00bb body_font_size=\u00bb16px\u00bb body_line_height=\u00bb1.8em\u00bb background_color=\u00bb#1fb6ea\u00bb background_layout=\u00bbdark\u00bb custom_padding=\u00bb60px|30px|60px|40px\u00bb animation_style=\u00bbslide\u00bb animation_direction=\u00bbbottom\u00bb animation_intensity_slide=\u00bb10%\u00bb animation=\u00bboff\u00bb hover_enabled=\u00bb0&#8243; border_radii=\u00bbon|5px|5px|5px|5px\u00bb global_colors_info=\u00bb{}\u00bb theme_builder_area=\u00bbpost_content\u00bb sticky_enabled=\u00bb0&#8243; title_text=\u00bbcrono envio de trabajo\u00bb]<h1><span>28 de abril de 2023<\/span><\/h1>[\/et_pb_blurb][\/et_pb_column][et_pb_column type=\u00bb1_3&#8243; _builder_version=\u00bb4.16&#8243; custom_padding=\u00bb|||\u00bb global_colors_info=\u00bb{}\u00bb custom_padding__hover=\u00bb|||\u00bb theme_builder_area=\u00bbpost_content\u00bb][et_pb_blurb title=\u00bbNotificaci\u00f3n de los trabajos\u00bb image=\u00bbhttps:\/\/enicip.edu.co\/wp-content\/uploads\/2023\/04\/crono-noti-de-trabajo-e1680665086422.png\u00bb admin_label=\u00bbService\u00bb _builder_version=\u00bb4.20.4&#8243; header_font=\u00bbMontserrat|600|||||||\u00bb header_text_align=\u00bbcenter\u00bb header_font_size=\u00bb20px\u00bb header_line_height=\u00bb1.7em\u00bb body_font=\u00bbUbuntu||||||||\u00bb body_text_align=\u00bbcenter\u00bb body_text_color=\u00bbrgba(255,255,255,0.7)\u00bb body_font_size=\u00bb16px\u00bb body_line_height=\u00bb1.8em\u00bb background_color=\u00bb#3644AF\u00bb background_layout=\u00bbdark\u00bb custom_padding=\u00bb60px|30px|60px|40px\u00bb animation_style=\u00bbslide\u00bb animation_direction=\u00bbbottom\u00bb animation_intensity_slide=\u00bb10%\u00bb animation=\u00bboff\u00bb hover_enabled=\u00bb0&#8243; border_radii=\u00bbon|5px|5px|5px|5px\u00bb global_colors_info=\u00bb{}\u00bb theme_builder_area=\u00bbpost_content\u00bb sticky_enabled=\u00bb0&#8243; title_text=\u00bbcrono noti de trabajo\u00bb]<h1><span>14 de julio de 2023<\/span><\/h1>[\/et_pb_blurb][\/et_pb_column][et_pb_column type=\u00bb1_3&#8243; _builder_version=\u00bb4.16&#8243; custom_padding=\u00bb|||\u00bb global_colors_info=\u00bb{}\u00bb custom_padding__hover=\u00bb|||\u00bb theme_builder_area=\u00bbpost_content\u00bb][et_pb_blurb title=\u00bbFecha l\u00edmite para el pago de trabajos aceptados\u00bb image=\u00bbhttps:\/\/enicip.edu.co\/wp-content\/uploads\/2023\/04\/crono-pago-de-trabajo-e1680664914409.png\u00bb admin_label=\u00bbService\u00bb _builder_version=\u00bb4.20.4&#8243; header_font=\u00bbMontserrat|600|||||||\u00bb header_text_align=\u00bbcenter\u00bb header_font_size=\u00bb20px\u00bb header_line_height=\u00bb1.7em\u00bb body_font=\u00bbUbuntu||||||||\u00bb body_text_align=\u00bbcenter\u00bb body_text_color=\u00bbrgba(255,255,255,0.7)\u00bb body_font_size=\u00bb16px\u00bb body_line_height=\u00bb1.8em\u00bb background_color=\u00bbRGBA(255,255,255,0)\u00bb background_layout=\u00bbdark\u00bb custom_padding=\u00bb60px|30px|60px|40px\u00bb animation_style=\u00bbslide\u00bb animation_direction=\u00bbbottom\u00bb animation_intensity_slide=\u00bb10%\u00bb animation=\u00bboff\u00bb hover_enabled=\u00bb0&#8243; border_radii=\u00bbon|5px|5px|5px|5px\u00bb global_colors_info=\u00bb{}\u00bb theme_builder_area=\u00bbpost_content\u00bb sticky_enabled=\u00bb0&#8243; title_text=\u00bbcrono pago de trabajo\u00bb]<h1>25 de agosto de 2023<\/h1>[\/et_pb_blurb][\/et_pb_column][\/et_pb_row][\/et_pb_section]\n","protected":false},"excerpt":{"rendered":"<p>\u00a0$54 USD Dos refrigerios por d\u00eda. Acceso permanente a la estaci\u00f3n de caf\u00e9. Material de apoyo. Presentaci\u00f3n de res\u00famen de investigaci\u00f3n. Certificado de participaci\u00f3n como ponente. Publicaci\u00f3n de memorias en la Revista Colombiana de Ciencias Pecuarias. $33 USD Dos refrigerios por d\u00eda. Acceso permanente a la estaci\u00f3n de caf\u00e9. Material de apoyo. Certificado de asistencia. [&hellip;]<\/p>\n","protected":false},"author":3,"featured_media":0,"parent":0,"menu_order":0,"comment_status":"closed","ping_status":"closed","template":"","meta":{"_et_pb_use_builder":"on","_et_pb_old_content":"","_et_gb_content_width":"","footnotes":""},"class_list":["post-470","page","type-page","status-publish","hentry"],"_links":{"self":[{"href":"https:\/\/enicip.edu.co\/en\/wp-json\/wp\/v2\/pages\/470","targetHints":{"allow":["GET"]}}],"collection":[{"href":"https:\/\/enicip.edu.co\/en\/wp-json\/wp\/v2\/pages"}],"about":[{"href":"https:\/\/enicip.edu.co\/en\/wp-json\/wp\/v2\/types\/page"}],"author":[{"embeddable":true,"href":"https:\/\/enicip.edu.co\/en\/wp-json\/wp\/v2\/users\/3"}],"replies":[{"embeddable":true,"href":"https:\/\/enicip.edu.co\/en\/wp-json\/wp\/v2\/comments?post=470"}],"version-history":[{"count":52,"href":"https:\/\/enicip.edu.co\/en\/wp-json\/wp\/v2\/pages\/470\/revisions"}],"predecessor-version":[{"id":788,"href":"https:\/\/enicip.edu.co\/en\/wp-json\/wp\/v2\/pages\/470\/revisions\/788"}],"wp:attachment":[{"href":"https:\/\/enicip.edu.co\/en\/wp-json\/wp\/v2\/media?parent=470"}],"curies":[{"name":"wp","href":"https:\/\/api.w.org\/{rel}","templated":true}]}}