{"id":467,"date":"2023-04-20T22:02:39","date_gmt":"2023-04-21T03:02:39","guid":{"rendered":"https:\/\/enicip.edu.co\/?page_id=467"},"modified":"2025-04-08T11:41:49","modified_gmt":"2025-04-08T16:41:49","slug":"preguntas","status":"publish","type":"page","link":"https:\/\/enicip.edu.co\/en\/preguntas\/","title":{"rendered":"Questions"},"content":{"rendered":"<p>[et_pb_section fb_built=\u00bb1&#8243; admin_label=\u00bbHero Section\u00bb _builder_version=\u00bb4.21.0&#8243; use_background_color_gradient=\u00bbon\u00bb background_color_gradient_stops=\u00bb#000000 0%|rgba(0,0,0,0) 100%\u00bb background_color_gradient_overlays_image=\u00bbon\u00bb background_color_gradient_start=\u00bb#000000&#8243; background_color_gradient_end=\u00bbrgba(0,0,0,0)\u00bb background_image=\u00bbhttps:\/\/enicip.edu.co\/wp-content\/uploads\/2023\/03\/Recurso-2.png\u00bb custom_margin=\u00bb|||\u00bb custom_padding=\u00bb13.7%||13.1%|||\u00bb animation_style=\u00bbfade\u00bb locked=\u00bboff\u00bb global_colors_info=\u00bb{}\u00bb][et_pb_row _builder_version=\u00bb4.16&#8243; min_height=\u00bb325px\u00bb custom_margin=\u00bb|auto||110px||\u00bb custom_padding=\u00bb||154px|||\u00bb global_colors_info=\u00bb{}\u00bb][et_pb_column type=\u00bb4_4&#8243; _builder_version=\u00bb4.16&#8243; custom_padding=\u00bb|||\u00bb global_colors_info=\u00bb{}\u00bb custom_padding__hover=\u00bb|||\u00bb][et_pb_text _builder_version=\u00bb4.21.0&#8243; text_font=\u00bb||||||||\u00bb text_font_size=\u00bb24px\u00bb text_line_height=\u00bb1.6em\u00bb header_font=\u00bbNunito||||||||\u00bb header_font_size=\u00bb80px\u00bb header_line_height=\u00bb1.1em\u00bb header_2_font=\u00bb||||||||\u00bb background_color=\u00bbrgba(44,72,89,0.39)\u00bb text_orientation=\u00bbcenter\u00bb background_layout=\u00bbdark\u00bb custom_margin=\u00bb-24px||100px||false|false\u00bb header_font_size_tablet=\u00bb\u00bb header_font_size_phone=\u00bb48px\u00bb header_font_size_last_edited=\u00bbon|phone\u00bb global_colors_info=\u00bb{}\u00bb]<\/p>\n<h1>Preguntas frecuentes<\/h1>\n<p>[\/et_pb_text][et_pb_search exclude_pages=\u00bboff\u00bb placeholder=\u00bbSearch Photos, Vectors, Video and More&#8230;\u00bb button_color=\u00bb#0099e5&#8243; placeholder_color=\u00bbrgba(0,0,0,0.31)\u00bb _builder_version=\u00bb4.16&#8243; button_font=\u00bbNunito|700||on|||||\u00bb button_text_color=\u00bb#ffffff\u00bb button_letter_spacing=\u00bb2px\u00bb form_field_font=\u00bb||||||||\u00bb form_field_font_size=\u00bb16px\u00bb background_color=\u00bb#ffffff\u00bb max_width=\u00bb600px\u00bb module_alignment=\u00bbcenter\u00bb custom_padding=\u00bb5px|20px|5px|20px\u00bb custom_css_button=\u00bbpadding-left: 20px;||padding-right: 20px;\u00bb border_width_all=\u00bb0px\u00bb border_color_all=\u00bb#ffffff\u00bb input_font=\u00bb||||||||\u00bb input_font_size=\u00bb16px\u00bb global_colors_info=\u00bb{}\u00bb button_text_size__hover_enabled=\u00bboff\u00bb button_one_text_size__hover_enabled=\u00bboff\u00bb button_two_text_size__hover_enabled=\u00bboff\u00bb button_text_color__hover_enabled=\u00bboff\u00bb button_one_text_color__hover_enabled=\u00bboff\u00bb button_two_text_color__hover_enabled=\u00bboff\u00bb button_border_width__hover_enabled=\u00bboff\u00bb button_one_border_width__hover_enabled=\u00bboff\u00bb button_two_border_width__hover_enabled=\u00bboff\u00bb button_border_color__hover_enabled=\u00bboff\u00bb button_one_border_color__hover_enabled=\u00bboff\u00bb button_two_border_color__hover_enabled=\u00bboff\u00bb button_border_radius__hover_enabled=\u00bboff\u00bb button_one_border_radius__hover_enabled=\u00bboff\u00bb button_two_border_radius__hover_enabled=\u00bboff\u00bb button_letter_spacing__hover_enabled=\u00bboff\u00bb button_one_letter_spacing__hover_enabled=\u00bboff\u00bb button_two_letter_spacing__hover_enabled=\u00bboff\u00bb button_bg_color__hover_enabled=\u00bboff\u00bb button_one_bg_color__hover_enabled=\u00bboff\u00bb button_two_bg_color__hover_enabled=\u00bboff\u00bb][\/et_pb_search][\/et_pb_column][\/et_pb_row][\/et_pb_section][et_pb_section fb_built=\u00bb1&#8243; _builder_version=\u00bb4.16&#8243; custom_margin=\u00bb-191px|||||\u00bb global_colors_info=\u00bb{}\u00bb][et_pb_row column_structure=\u00bb1_2,1_2&#8243; _builder_version=\u00bb4.16&#8243; custom_width_px__hover=\u00bb1080px\u00bb custom_width_px__hover_enabled=\u00bb1080px\u00bb custom_width_percent__hover=\u00bb80%\u00bb custom_width_percent__hover_enabled=\u00bb80%\u00bb global_colors_info=\u00bb{}\u00bb gutter_width__hover=\u00bb3&#8243; gutter_width__hover_enabled=\u00bb3&#8243; parallax_1__hover=\u00bboff\u00bb parallax_1__hover_enabled=\u00bboff\u00bb parallax_2__hover=\u00bboff\u00bb parallax_2__hover_enabled=\u00bboff\u00bb parallax_3__hover=\u00bboff\u00bb parallax_3__hover_enabled=\u00bboff\u00bb parallax_4__hover=\u00bboff\u00bb parallax_4__hover_enabled=\u00bboff\u00bb parallax_5__hover=\u00bboff\u00bb parallax_5__hover_enabled=\u00bboff\u00bb parallax_6__hover=\u00bboff\u00bb parallax_6__hover_enabled=\u00bboff\u00bb parallax_method_1__hover=\u00bbon\u00bb parallax_method_1__hover_enabled=\u00bbon\u00bb parallax_method_2__hover=\u00bbon\u00bb parallax_method_2__hover_enabled=\u00bbon\u00bb parallax_method_3__hover=\u00bbon\u00bb parallax_method_3__hover_enabled=\u00bbon\u00bb parallax_method_4__hover=\u00bbon\u00bb parallax_method_4__hover_enabled=\u00bbon\u00bb parallax_method_5__hover=\u00bbon\u00bb parallax_method_5__hover_enabled=\u00bbon\u00bb parallax_method_6__hover=\u00bbon\u00bb parallax_method_6__hover_enabled=\u00bbon\u00bb background_size__hover=\u00bbcover\u00bb background_size__hover_enabled=\u00bbcover\u00bb background_position__hover=\u00bbcenter\u00bb background_position__hover_enabled=\u00bbcenter\u00bb use_background_color_gradient__hover=\u00bboff\u00bb use_background_color_gradient__hover_enabled=\u00bboff\u00bb background_color_gradient_start__hover=\u00bb#2b87da\u00bb background_color_gradient_start__hover_enabled=\u00bb#2b87da\u00bb background_color_gradient_end__hover=\u00bb#29c4a9&#8243; background_color_gradient_end__hover_enabled=\u00bb#29c4a9&#8243; background_color_gradient_type__hover=\u00bblinear\u00bb background_color_gradient_type__hover_enabled=\u00bblinear\u00bb background_color_gradient_direction__hover=\u00bb180deg\u00bb background_color_gradient_direction__hover_enabled=\u00bb180deg\u00bb background_color_gradient_direction_radial__hover=\u00bbcenter\u00bb background_color_gradient_direction_radial__hover_enabled=\u00bbcenter\u00bb background_color_gradient_start_position__hover=\u00bb0%\u00bb background_color_gradient_start_position__hover_enabled=\u00bb0%\u00bb background_color_gradient_end_position__hover=\u00bb100%\u00bb background_color_gradient_end_position__hover_enabled=\u00bb100%\u00bb background_color_gradient_overlays_image__hover=\u00bboff\u00bb background_color_gradient_overlays_image__hover_enabled=\u00bboff\u00bb parallax__hover=\u00bboff\u00bb parallax__hover_enabled=\u00bboff\u00bb parallax_method__hover=\u00bbon\u00bb parallax_method__hover_enabled=\u00bbon\u00bb background_repeat__hover=\u00bbno-repeat\u00bb background_repeat__hover_enabled=\u00bbno-repeat\u00bb background_blend__hover=\u00bbnormal\u00bb background_blend__hover_enabled=\u00bbnormal\u00bb allow_player_pause__hover=\u00bboff\u00bb allow_player_pause__hover_enabled=\u00bboff\u00bb background_video_pause_outside_viewport__hover=\u00bbon\u00bb background_video_pause_outside_viewport__hover_enabled=\u00bbon\u00bb make_fullwidth__hover=\u00bboff\u00bb make_fullwidth__hover_enabled=\u00bboff\u00bb use_custom_width__hover=\u00bboff\u00bb use_custom_width__hover_enabled=\u00bboff\u00bb width_unit__hover=\u00bbon\u00bb width_unit__hover_enabled=\u00bbon\u00bb use_custom_gutter__hover=\u00bboff\u00bb use_custom_gutter__hover_enabled=\u00bboff\u00bb make_equal__hover=\u00bboff\u00bb make_equal__hover_enabled=\u00bboff\u00bb border_radii__hover=\u00bbon||||\u00bb border_radii__hover_enabled=\u00bbon||||\u00bb box_shadow_style__hover=\u00bbnone\u00bb box_shadow_style__hover_enabled=\u00bbnone\u00bb box_shadow_color__hover=\u00bbrgba(0,0,0,0.3)\u00bb box_shadow_color__hover_enabled=\u00bbrgba(0,0,0,0.3)\u00bb filter_hue_rotate__hover=\u00bb0deg\u00bb filter_hue_rotate__hover_enabled=\u00bb0deg\u00bb filter_saturate__hover=\u00bb100%\u00bb filter_saturate__hover_enabled=\u00bb100%\u00bb filter_brightness__hover=\u00bb100%\u00bb filter_brightness__hover_enabled=\u00bb100%\u00bb filter_contrast__hover=\u00bb100%\u00bb filter_contrast__hover_enabled=\u00bb100%\u00bb filter_invert__hover=\u00bb0%\u00bb filter_invert__hover_enabled=\u00bb0%\u00bb filter_sepia__hover=\u00bb0%\u00bb filter_sepia__hover_enabled=\u00bb0%\u00bb filter_opacity__hover=\u00bb100%\u00bb filter_opacity__hover_enabled=\u00bb100%\u00bb filter_blur__hover=\u00bb0px\u00bb filter_blur__hover_enabled=\u00bb0px\u00bb mix_blend_mode__hover=\u00bbnormal\u00bb mix_blend_mode__hover_enabled=\u00bbnormal\u00bb animation_style__hover=\u00bbnone\u00bb animation_style__hover_enabled=\u00bbnone\u00bb animation_repeat__hover=\u00bbonce\u00bb animation_repeat__hover_enabled=\u00bbonce\u00bb animation_direction__hover=\u00bbcenter\u00bb animation_direction__hover_enabled=\u00bbcenter\u00bb animation_duration__hover=\u00bb1000ms\u00bb animation_duration__hover_enabled=\u00bb1000ms\u00bb animation_delay__hover=\u00bb0ms\u00bb animation_delay__hover_enabled=\u00bb0ms\u00bb animation_intensity_slide__hover=\u00bb50%\u00bb animation_intensity_slide__hover_enabled=\u00bb50%\u00bb animation_intensity_zoom__hover=\u00bb50%\u00bb animation_intensity_zoom__hover_enabled=\u00bb50%\u00bb animation_intensity_flip__hover=\u00bb50%\u00bb animation_intensity_flip__hover_enabled=\u00bb50%\u00bb animation_intensity_fold__hover=\u00bb50%\u00bb animation_intensity_fold__hover_enabled=\u00bb50%\u00bb animation_intensity_roll__hover=\u00bb50%\u00bb animation_intensity_roll__hover_enabled=\u00bb50%\u00bb animation_starting_opacity__hover=\u00bb0%\u00bb animation_starting_opacity__hover_enabled=\u00bb0%\u00bb animation_speed_curve__hover=\u00bbease-in-out\u00bb animation_speed_curve__hover_enabled=\u00bbease-in-out\u00bb hover_transition_duration__hover=\u00bb300ms\u00bb hover_transition_duration__hover_enabled=\u00bb300ms\u00bb hover_transition_delay__hover=\u00bb0ms\u00bb hover_transition_delay__hover_enabled=\u00bb0ms\u00bb hover_transition_speed_curve__hover=\u00bbease\u00bb hover_transition_speed_curve__hover_enabled=\u00bbease\u00bb background_color_gradient_stops__hover=\u00bb#2b87da 0%|#29c4a9 100%\u00bb][et_pb_column type=\u00bb1_2&#8243; _builder_version=\u00bb4.16&#8243; custom_padding=\u00bb|||\u00bb global_colors_info=\u00bb{}\u00bb custom_padding__hover=\u00bb|||\u00bb][et_pb_toggle title=\u00bb\u00bfCu\u00e1ntos ponentes pueden presentar el resumen de investigaci\u00f3n?\u00bb open_toggle_background_color=\u00bbrgba(0,0,0,0)\u00bb closed_toggle_background_color=\u00bbrgba(0,0,0,0)\u00bb _builder_version=\u00bb4.21.0&#8243; title_text_color=\u00bb#303030&#8243; title_font=\u00bbAdamina|700|||||||\u00bb title_line_height=\u00bb1.6em\u00bb body_line_height=\u00bb2em\u00bb custom_margin=\u00bb||0px\u00bb custom_padding=\u00bb|0px||0px||true\u00bb border_width_all=\u00bb0px\u00bb locked=\u00bboff\u00bb global_colors_info=\u00bb{}\u00bb]<\/p>\n<p>Los trabajos de investigaci\u00f3n deben ser presentados s\u00f3lo por uno de los autores.<\/p>\n<p>[\/et_pb_toggle][et_pb_toggle title=\u00bb\u00bfSi someto varios res\u00famenes y son aceptados, debo presentarlos bajo la misma modalidad?\u00bb open_toggle_background_color=\u00bbrgba(0,0,0,0)\u00bb closed_toggle_background_color=\u00bbrgba(0,0,0,0)\u00bb _builder_version=\u00bb4.21.0&#8243; title_text_color=\u00bb#303030&#8243; title_font=\u00bbAdamina|700|||||||\u00bb title_line_height=\u00bb1.6em\u00bb body_line_height=\u00bb2em\u00bb custom_margin=\u00bb||0px\u00bb custom_padding=\u00bb|0px||0px||true\u00bb border_width_all=\u00bb0px\u00bb locked=\u00bboff\u00bb global_colors_info=\u00bb{}\u00bb]<\/p>\n<p>Los trabajos de investigaci\u00f3n que sean aprobados a un mismo ponente, pueden ser presentados bajo diferentes modalidades, ya sea oral o poster.<\/p>\n<p>[\/et_pb_toggle][et_pb_toggle title=\u00bb\u00bfCu\u00e1ntos trabajos puedo presentar con el pago de la inscripci\u00f3n como ponente?\u00bb open_toggle_background_color=\u00bbrgba(0,0,0,0)\u00bb closed_toggle_background_color=\u00bbrgba(0,0,0,0)\u00bb _builder_version=\u00bb4.21.0&#8243; title_text_color=\u00bb#303030&#8243; title_font=\u00bbAdamina|700|||||||\u00bb title_line_height=\u00bb1.6em\u00bb body_line_height=\u00bb2em\u00bb custom_margin=\u00bb||0px\u00bb custom_padding=\u00bb|0px||0px||true\u00bb border_width_all=\u00bb0px\u00bb locked=\u00bboff\u00bb global_colors_info=\u00bb{}\u00bb]<\/p>\n<p>Los ponentes de resumen deben pagar $400.000 pesos colombianos o $110 USD, por cada resumen postulado y aprobado.<\/p>\n<p>[\/et_pb_toggle][et_pb_toggle title=\u00bb\u00bfEn qu\u00e9 momento debo hacer el pago de mi trabajo de investigaci\u00f3n?\u00bb open_toggle_background_color=\u00bbrgba(0,0,0,0)\u00bb closed_toggle_background_color=\u00bbrgba(0,0,0,0)\u00bb _builder_version=\u00bb4.21.0&#8243; title_text_color=\u00bb#303030&#8243; title_font=\u00bbAdamina|700|||||||\u00bb title_line_height=\u00bb1.6em\u00bb body_line_height=\u00bb2em\u00bb custom_margin=\u00bb||0px\u00bb custom_padding=\u00bb|0px||0px||true\u00bb border_width_all=\u00bb0px\u00bb locked=\u00bboff\u00bb global_colors_info=\u00bb{}\u00bb]<\/p>\n<p>El pago de las ponencias se hace una vez se le notifique la aprobaci\u00f3n por parte del evaluador del resumen de investigaci\u00f3n.<\/p>\n<p>[\/et_pb_toggle][et_pb_toggle title=\u00bb\u00bfHasta qu\u00e9 fecha se podr\u00e1n postular los trabajos?\u00bb open_toggle_background_color=\u00bbrgba(0,0,0,0)\u00bb closed_toggle_background_color=\u00bbrgba(0,0,0,0)\u00bb _builder_version=\u00bb4.21.0&#8243; title_text_color=\u00bb#303030&#8243; title_font=\u00bbAdamina|700|||||||\u00bb title_line_height=\u00bb1.6em\u00bb body_line_height=\u00bb2em\u00bb custom_margin=\u00bb||0px\u00bb custom_padding=\u00bb|0px||0px||true\u00bb border_width_all=\u00bb0px\u00bb locked=\u00bboff\u00bb global_colors_info=\u00bb{}\u00bb]<\/p>\n<p>Por decisi\u00f3n del Comit\u00e9 Organizador, se tendr\u00e1 como fecha m\u00e1xima el 28 de febrero de 2025, para postular los trabajos de investigaci\u00f3n.<\/p>\n<p>[\/et_pb_toggle][\/et_pb_column][et_pb_column type=\u00bb1_2&#8243; _builder_version=\u00bb4.16&#8243; custom_padding=\u00bb|||\u00bb global_colors_info=\u00bb{}\u00bb custom_padding__hover=\u00bb|||\u00bb][et_pb_toggle title=\u00bb\u00bfCu\u00e1ntos res\u00famenes de investigaci\u00f3n puedo postular?\u00bb open_toggle_background_color=\u00bbrgba(0,0,0,0)\u00bb closed_toggle_background_color=\u00bbrgba(0,0,0,0)\u00bb _builder_version=\u00bb4.21.0&#8243; title_text_color=\u00bb#303030&#8243; title_font=\u00bbAdamina|700|||||||\u00bb title_line_height=\u00bb1.6em\u00bb body_line_height=\u00bb2em\u00bb custom_margin=\u00bb||0px\u00bb custom_padding=\u00bb|0px||0px||true\u00bb border_width_all=\u00bb0px\u00bb locked=\u00bboff\u00bb global_colors_info=\u00bb{}\u00bb]<\/p>\n<p>Los investigadores pueden postular y presentar varios res\u00famenes de investigaci\u00f3n en el ENICIP.<\/p>\n<p>[\/et_pb_toggle][et_pb_toggle title=\u00bb\u00bfCu\u00e1nto tiempo duran las ponencias, por \u00e1rea tem\u00e1tica?\u00bb open_toggle_background_color=\u00bbrgba(0,0,0,0)\u00bb closed_toggle_background_color=\u00bbrgba(0,0,0,0)\u00bb _builder_version=\u00bb4.21.0&#8243; title_text_color=\u00bb#303030&#8243; title_font=\u00bbAdamina|700|||||||\u00bb title_line_height=\u00bb1.6em\u00bb body_line_height=\u00bb2em\u00bb custom_margin=\u00bb||0px\u00bb custom_padding=\u00bb|0px||0px||true\u00bb border_width_all=\u00bb0px\u00bb locked=\u00bboff\u00bb global_colors_info=\u00bb{}\u00bb]<\/p>\n<p>Para la presentaci\u00f3n se dedican 10 minutos y 5 minutos m\u00e1s para las preguntas y respuestas.<\/p>\n<p>[\/et_pb_toggle][et_pb_toggle title=\u00bb\u00bfA qu\u00e9 tengo derecho con el pago de mi ponencia?\u00bb open_toggle_background_color=\u00bbrgba(0,0,0,0)\u00bb closed_toggle_background_color=\u00bbrgba(0,0,0,0)\u00bb _builder_version=\u00bb4.21.0&#8243; title_text_color=\u00bb#303030&#8243; title_font=\u00bbAdamina|700|||||||\u00bb title_line_height=\u00bb1.6em\u00bb body_line_height=\u00bb2em\u00bb custom_margin=\u00bb||0px\u00bb custom_padding=\u00bb|0px||0px||true\u00bb border_width_all=\u00bb0px\u00bb locked=\u00bboff\u00bb global_colors_info=\u00bb{}\u00bb]<\/p>\n<p>Los investigadores que paguen por la presentaci\u00f3n de su trabajo de investigaci\u00f3n, podr\u00e1n asistir durante los tres d\u00edas del evento, tendr\u00e1n dos refrigerios por d\u00eda, a<span>cceso permanente a la estaci\u00f3n de caf\u00e9, material de apoyo, certificaci\u00f3n como ponente y la publicaci\u00f3n de las memorias en la RCCP.<\/span><\/p>\n<p>[\/et_pb_toggle][et_pb_toggle title=\u00bb\u00bfPara postular un trabajo, debo enviarlo a una direcci\u00f3n de correo?\u00bb open_toggle_background_color=\u00bbrgba(0,0,0,0)\u00bb closed_toggle_background_color=\u00bbrgba(0,0,0,0)\u00bb _builder_version=\u00bb4.27.4&#8243; title_text_color=\u00bb#303030&#8243; title_font=\u00bbAdamina|700|||||||\u00bb title_line_height=\u00bb1.6em\u00bb body_line_height=\u00bb2em\u00bb custom_margin=\u00bb||0px\u00bb custom_padding=\u00bb|0px||0px||true\u00bb border_width_all=\u00bb0px\u00bb locked=\u00bboff\u00bb global_colors_info=\u00bb{}\u00bb]<\/p>\n<p>Los investigadores deben acceder a trav\u00e9s del bot\u00f3n <strong>ponente de resumen<\/strong>, en la p\u00e1gina de <a href=\"https:\/\/www.asistiendo.com\/prod\/0020101\/0359R8C0V0\/reg\/intro.asp?id=000001A0S3D0P8E6T5W1T1H9F8F7S8R8C0V0\">inscripci\u00f3n<\/a> y registrarse en la plataforma<span>.<\/span><\/p>\n<p>[\/et_pb_toggle][et_pb_toggle title=\u00bb\u00bfC\u00f3mo debo postular mi trabajo?\u00bb open_toggle_background_color=\u00bbrgba(0,0,0,0)\u00bb closed_toggle_background_color=\u00bbrgba(0,0,0,0)\u00bb _builder_version=\u00bb4.27.4&#8243; title_text_color=\u00bb#303030&#8243; title_font=\u00bbAdamina|700|||||||\u00bb title_line_height=\u00bb1.6em\u00bb body_line_height=\u00bb2em\u00bb custom_margin=\u00bb||0px\u00bb custom_padding=\u00bb|0px||0px||true\u00bb border_width_all=\u00bb0px\u00bb locked=\u00bboff\u00bb global_colors_info=\u00bb{}\u00bb]<\/p>\n<p>Los lineamientos de presentaci\u00f3n se encuentran disponibles en los llamados realizados v\u00eda correo desde los organizadores del evento.<\/p>\n<p>[\/et_pb_toggle][\/et_pb_column][\/et_pb_row][\/et_pb_section][et_pb_section fb_built=\u00bb1&#8243; admin_label=\u00bbFooter 2&#8243; _builder_version=\u00bb4.27.4&#8243; _module_preset=\u00bbdefault\u00bb background_color=\u00bb#70205B\u00bb custom_padding=\u00bb0px||0px||true|false\u00bb hover_enabled=\u00bb0&#8243; saved_tabs=\u00bball\u00bb locked=\u00bboff\u00bb collapsed=\u00bboff\u00bb global_colors_info=\u00bb{}\u00bb sticky_enabled=\u00bb0&#8243;][et_pb_row column_structure=\u00bb1_3,1_3,1_3&#8243; _builder_version=\u00bb4.19.0&#8243; _module_preset=\u00bbdefault\u00bb custom_padding=\u00bb||22px|||\u00bb global_colors_info=\u00bb{}\u00bb][et_pb_column type=\u00bb1_3&#8243; _builder_version=\u00bb4.18.1&#8243; _module_preset=\u00bbdefault\u00bb custom_padding=\u00bb14px||||false|false\u00bb global_colors_info=\u00bb{}\u00bb][et_pb_text _builder_version=\u00bb4.27.4&#8243; _module_preset=\u00bbd1332bf6-280b-4b7a-827b-32f7d6f919ef\u00bb text_font=\u00bb&#8211;et_global_body_font|500|||||||\u00bb text_text_color=\u00bb#FFFFFF\u00bb text_line_height=\u00bb0.5em\u00bb header_2_font=\u00bbMontserrat|600|||||||\u00bb header_2_text_color=\u00bb#ffffff\u00bb locked=\u00bboff\u00bb global_colors_info=\u00bb{}\u00bb]<\/p>\n<h2 style=\"text-align: left;\"><span style=\"text-decoration: underline;\">Encu\u00e9ntranos<\/span><\/h2>\n<p>Carrera 75 # 65-87\u00a0| oficina 49 &#8211; 105-7<\/p>\n<p>Facultad de Ciencias Agrarias<\/p>\n<p>Campus Ciudadela Robledo<\/p>\n<p>Universidad de Antioquia<\/p>\n<p>Medell\u00edn, Colombia<\/p>\n<p>[\/et_pb_text][\/et_pb_column][et_pb_column type=\u00bb1_3&#8243; _builder_version=\u00bb4.18.1&#8243; _module_preset=\u00bbdefault\u00bb global_colors_info=\u00bb{}\u00bb][et_pb_text _builder_version=\u00bb4.27.4&#8243; _module_preset=\u00bbd1332bf6-280b-4b7a-827b-32f7d6f919ef\u00bb text_text_color=\u00bb#FFFFFF\u00bb link_text_color=\u00bb#59eadc\u00bb header_font=\u00bbMontserrat||||||||\u00bb header_text_align=\u00bbleft\u00bb global_colors_info=\u00bb{}\u00bb]<\/p>\n<p><a href=\"mailto:enicip@udea.edu.co\">enicip@udea.edu.co<\/a><br \/>\u00a9 ENICIP<\/p>\n<p>[\/et_pb_text][\/et_pb_column][et_pb_column type=\u00bb1_3&#8243; _builder_version=\u00bb4.18.1&#8243; _module_preset=\u00bbdefault\u00bb global_colors_info=\u00bb{}\u00bb][et_pb_image src=\u00bbhttps:\/\/enicip.edu.co\/wp-content\/uploads\/2025\/04\/Logo_blancoVertical.png\u00bb alt=\u00bbLogo enicip 2025_ blanco\u00bb title_text=\u00bbLogo_blancoVertical\u00bb _builder_version=\u00bb4.27.4&#8243; _module_preset=\u00bbdefault\u00bb width=\u00bb50%\u00bb global_colors_info=\u00bb{}\u00bb][\/et_pb_image][\/et_pb_column][\/et_pb_row][\/et_pb_section]<\/p>\n","protected":false},"excerpt":{"rendered":"<p>preguntas frecuentes<\/p>","protected":false},"author":3,"featured_media":0,"parent":0,"menu_order":0,"comment_status":"closed","ping_status":"closed","template":"","meta":{"_et_pb_use_builder":"on","_et_pb_old_content":"","_et_gb_content_width":"","footnotes":""},"class_list":["post-467","page","type-page","status-publish","hentry"],"_links":{"self":[{"href":"https:\/\/enicip.edu.co\/en\/wp-json\/wp\/v2\/pages\/467","targetHints":{"allow":["GET"]}}],"collection":[{"href":"https:\/\/enicip.edu.co\/en\/wp-json\/wp\/v2\/pages"}],"about":[{"href":"https:\/\/enicip.edu.co\/en\/wp-json\/wp\/v2\/types\/page"}],"author":[{"embeddable":true,"href":"https:\/\/enicip.edu.co\/en\/wp-json\/wp\/v2\/users\/3"}],"replies":[{"embeddable":true,"href":"https:\/\/enicip.edu.co\/en\/wp-json\/wp\/v2\/comments?post=467"}],"version-history":[{"count":28,"href":"https:\/\/enicip.edu.co\/en\/wp-json\/wp\/v2\/pages\/467\/revisions"}],"predecessor-version":[{"id":1715,"href":"https:\/\/enicip.edu.co\/en\/wp-json\/wp\/v2\/pages\/467\/revisions\/1715"}],"wp:attachment":[{"href":"https:\/\/enicip.edu.co\/en\/wp-json\/wp\/v2\/media?parent=467"}],"curies":[{"name":"wp","href":"https:\/\/api.w.org\/{rel}","templated":true}]}}