{"id":2032,"date":"2025-09-27T23:29:09","date_gmt":"2025-09-28T04:29:09","guid":{"rendered":"https:\/\/enicip.edu.co\/?page_id=2032"},"modified":"2025-09-27T23:33:06","modified_gmt":"2025-09-28T04:33:06","slug":"certificados","status":"publish","type":"page","link":"https:\/\/enicip.edu.co\/en\/certificados\/","title":{"rendered":"certificados"},"content":{"rendered":"<p>[et_pb_section fb_built=\u00bb1&#8243; admin_label=\u00bbCall to Action\u00bb _builder_version=\u00bb4.24.2&#8243; _module_preset=\u00bbdefault\u00bb background_color=\u00bb#03045e\u00bb custom_padding=\u00bb10px||10px||true|false\u00bb locked=\u00bboff\u00bb collapsed=\u00bbon\u00bb global_colors_info=\u00bb{%22#03045e%22:%91%22background_color%22%93}\u00bb theme_builder_area=\u00bbpost_content\u00bb][et_pb_row _builder_version=\u00bb4.24.2&#8243; _module_preset=\u00bb5138c454-be54-4233-bd3b-f8e6a8747976&#8243; global_colors_info=\u00bb{}\u00bb theme_builder_area=\u00bbpost_content\u00bb][et_pb_column type=\u00bb4_4&#8243; _builder_version=\u00bb4.18.0&#8243; _module_preset=\u00bb73121f80-a3ef-4484-8763-c3f18e3c56d2&#8243; global_colors_info=\u00bb{}\u00bb theme_builder_area=\u00bbpost_content\u00bb][et_pb_blurb use_icon=\u00bbon\u00bb font_icon=\u00bb&#xf0a3;||fa||900&#8243; icon_color=\u00bb#FFFFFF\u00bb icon_placement=\u00bbleft\u00bb image_icon_width=\u00bb40px\u00bb content_max_width=\u00bb100%\u00bb _builder_version=\u00bb4.27.4&#8243; _module_preset=\u00bbca79a742-981f-479f-a8a2-3a0292efaff0&#8243; header_level=\u00bbh1&#8243; header_font=\u00bbMontserrat|800|||||||\u00bb header_text_color=\u00bb#fff5e2&#8243; header_font_size=\u00bb24px\u00bb header_line_height=\u00bb1.4em\u00bb body_font=\u00bbOpen Sans|Open Sans_weight|||||||\u00bb body_text_color=\u00bb#f6f6f6&#8243; body_font_size=\u00bb16px\u00bb body_line_height=\u00bb1.75em\u00bb body_link_font=\u00bb||||on||||\u00bb body_link_text_color=\u00bb#FFFFFF\u00bb background_mask_style=\u00bbtriangles\u00bb animation=\u00bboff\u00bb hover_enabled=\u00bb0&#8243; header_font_size_tablet=\u00bb15px\u00bb header_font_size_phone=\u00bb14px\u00bb header_font_size_last_edited=\u00bbon|phone\u00bb body_font_size_tablet=\u00bb15px\u00bb body_font_size_phone=\u00bb14px\u00bb body_font_size_last_edited=\u00bbon|desktop\u00bb border_radii_image=\u00bbon|6px|6px|6px|6px\u00bb global_colors_info=\u00bb{%22gcid-f2943306-fa6c-45f0-b632-5fc00151366a%22:%91%22button_text_color%22%93,%22gcid-36fd78a7-34bc-404d-873c-dafa34efaae5%22:%91%22button_text_color%22%93}\u00bb theme_builder_area=\u00bbpost_content\u00bb sticky_enabled=\u00bb0&#8243;]<\/p>\n<p>Nos alegramos de comunicar que ya se encuentran disponibles sus certificados de participaci\u00f3n en el XVIII Encuentro Nacional y XI Internacional de Investigadores de las Ciencias Pecuarias &#8211; ENICIP 2025. Para descargarlo deben ingresar al siguiente link con su documento de identidad o correo electr\u00f3nico y diligenciar la encuesta de satisfacci\u00f3n.<\/p>\n<p>[\/et_pb_blurb][et_pb_button button_text=\u00bbObtener certificado\u00bb _builder_version=\u00bb4.27.4&#8243; _module_preset=\u00bbdefault\u00bb theme_builder_area=\u00bbpost_content\u00bb button_url=\u00bbhttps:\/\/www.asistiendo.com\/prod\/0020101\/0359R8C0V0\/reg\/certificados.asp\u00bb url_new_window=\u00bbon\u00bb hover_enabled=\u00bb0&#8243; sticky_enabled=\u00bb0&#8243; custom_button=\u00bbon\u00bb button_text_color=\u00bb#ffffff\u00bb button_bg_color=\u00bb#8DBF44&#8243; button_bg_enable_color=\u00bbon\u00bb button_border_width=\u00bb2px\u00bb button_border_color=\u00bb#5fbf00&#8243; button_border_radius=\u00bb7px\u00bb][\/et_pb_button][\/et_pb_column][\/et_pb_row][\/et_pb_section][et_pb_section fb_built=\u00bb1&#8243; theme_builder_area=\u00bbpost_content\u00bb _builder_version=\u00bb4.27.4&#8243; _module_preset=\u00bbdefault\u00bb][et_pb_row _builder_version=\u00bb4.27.4&#8243; _module_preset=\u00bbdefault\u00bb background_color=\u00bb#1C4A38&#8243; hover_enabled=\u00bb0&#8243; border_radii=\u00bbon|12px|12px|12px|12px\u00bb global_colors_info=\u00bb{}\u00bb locked=\u00bboff\u00bb theme_builder_area=\u00bbpost_content\u00bb sticky_enabled=\u00bb0&#8243;][et_pb_column type=\u00bb4_4&#8243; _builder_version=\u00bb4.27.4&#8243; _module_preset=\u00bbdefault\u00bb hover_enabled=\u00bb0&#8243; global_colors_info=\u00bb{}\u00bb theme_builder_area=\u00bbpost_content\u00bb sticky_enabled=\u00bb0&#8243;][et_pb_blurb title=\u00bb\u00a1Atenci\u00f3n!\u00bb use_icon=\u00bbon\u00bb font_icon=\u00bb&#x73;||divi||400&#8243; icon_color=\u00bb#FFFFFF\u00bb icon_placement=\u00bbleft\u00bb image_icon_width=\u00bb40px\u00bb content_max_width=\u00bb100%\u00bb _builder_version=\u00bb4.27.4&#8243; _module_preset=\u00bbca79a742-981f-479f-a8a2-3a0292efaff0&#8243; header_font=\u00bbMontserrat|700|||||||\u00bb header_text_color=\u00bb#8DBF44&#8243; header_font_size=\u00bb24px\u00bb header_line_height=\u00bb1.4em\u00bb body_font=\u00bbOpen Sans|300|||||||\u00bb body_text_color=\u00bb#f6f6f6&#8243; body_font_size=\u00bb20px\u00bb body_letter_spacing=\u00bb1px\u00bb body_line_height=\u00bb1.2em\u00bb body_link_font=\u00bb||||on||||\u00bb body_link_text_color=\u00bb#FFFFFF\u00bb background_mask_style=\u00bbtriangles\u00bb text_orientation=\u00bbjustified\u00bb animation=\u00bboff\u00bb hover_enabled=\u00bb0&#8243; header_font_size_tablet=\u00bb15px\u00bb header_font_size_phone=\u00bb14px\u00bb header_font_size_last_edited=\u00bbon|phone\u00bb body_font_size_tablet=\u00bb15px\u00bb body_font_size_phone=\u00bb14px\u00bb body_font_size_last_edited=\u00bbon|desktop\u00bb border_radii_image=\u00bbon|6px|6px|6px|6px\u00bb locked=\u00bboff\u00bb global_colors_info=\u00bb{%22gcid-f2943306-fa6c-45f0-b632-5fc00151366a%22:%91%22button_text_color%22%93,%22gcid-36fd78a7-34bc-404d-873c-dafa34efaae5%22:%91%22button_text_color%22%93}\u00bb theme_builder_area=\u00bbpost_content\u00bb sticky_enabled=\u00bb0&#8243;]<\/p>\n<p>Los certificados son emitidos solo tras comprobar los trabajos presentados y pagados.<\/p>\n<p>El plazo m\u00e1ximo para los pagos pendientes es el 24 de octubre de 2025, despu\u00e9s de esta fecha ya no se certificar\u00e1 al ponente ni se publicar\u00e1 el trabajo en las memorias de la RCCP.<\/p>\n<p>Recuerde que solo el ponente que present\u00f3 el trabajo presencialmente ser\u00e1 quien reciba la certificaci\u00f3n correspondiente.<\/p>\n<p>Si ya realiz\u00f3 el pago, pero no tiene disponible su certificado, por favor env\u00ede el comprobante de pago al correo <a href=\"mailto:enicip@udea.edu.co,\">enicip@udea.edu.co,<\/a> indicando la factura o inscripci\u00f3n a la que corresponde.<\/p>\n<p>Si presenta alg\u00fan problema adicional para descargar su certificado, por favor comunicarse a este correo indicando su nombre y tipo de inscripci\u00f3n (Ponente o Asistente).<\/p>\n<p>Agradecemos enormemente haber contado con su participaci\u00f3n en el ENICIP 2025.<\/p>\n<p>[\/et_pb_blurb][\/et_pb_column][\/et_pb_row][\/et_pb_section][et_pb_section fb_built=\u00bb1&#8243; admin_label=\u00bbFooter 2&#8243; _builder_version=\u00bb4.27.4&#8243; _module_preset=\u00bbdefault\u00bb background_color=\u00bb#70205B\u00bb custom_padding=\u00bb0px||0px||true|false\u00bb saved_tabs=\u00bball\u00bb locked=\u00bboff\u00bb collapsed=\u00bboff\u00bb global_colors_info=\u00bb{}\u00bb theme_builder_area=\u00bbpost_content\u00bb][et_pb_row column_structure=\u00bb1_3,1_3,1_3&#8243; _builder_version=\u00bb4.19.0&#8243; _module_preset=\u00bbdefault\u00bb custom_padding=\u00bb||22px|||\u00bb global_colors_info=\u00bb{}\u00bb theme_builder_area=\u00bbpost_content\u00bb][et_pb_column type=\u00bb1_3&#8243; _builder_version=\u00bb4.18.1&#8243; _module_preset=\u00bbdefault\u00bb custom_padding=\u00bb14px||||false|false\u00bb global_colors_info=\u00bb{}\u00bb theme_builder_area=\u00bbpost_content\u00bb][et_pb_text _builder_version=\u00bb4.27.4&#8243; _module_preset=\u00bbd1332bf6-280b-4b7a-827b-32f7d6f919ef\u00bb text_font=\u00bb&#8211;et_global_body_font|500|||||||\u00bb text_text_color=\u00bb#FFFFFF\u00bb text_line_height=\u00bb0.5em\u00bb header_2_font=\u00bbMontserrat|600|||||||\u00bb header_2_text_color=\u00bb#ffffff\u00bb locked=\u00bboff\u00bb global_colors_info=\u00bb{}\u00bb theme_builder_area=\u00bbpost_content\u00bb]<\/p>\n<h2 style=\"text-align: left;\"><span style=\"text-decoration: underline;\">Encu\u00e9ntranos<\/span><\/h2>\n<p>Carrera 75 # 65-87\u00a0| oficina 49 &#8211; 105-7<\/p>\n<p>Facultad de Ciencias Agrarias<\/p>\n<p>Campus Ciudadela Robledo<\/p>\n<p>Universidad de Antioquia<\/p>\n<p>Medell\u00edn, Colombia<\/p>\n<p>[\/et_pb_text][\/et_pb_column][et_pb_column type=\u00bb1_3&#8243; _builder_version=\u00bb4.18.1&#8243; _module_preset=\u00bbdefault\u00bb global_colors_info=\u00bb{}\u00bb theme_builder_area=\u00bbpost_content\u00bb][et_pb_text _builder_version=\u00bb4.27.4&#8243; _module_preset=\u00bbd1332bf6-280b-4b7a-827b-32f7d6f919ef\u00bb text_text_color=\u00bb#FFFFFF\u00bb link_text_color=\u00bb#59eadc\u00bb header_font=\u00bbMontserrat||||||||\u00bb header_text_align=\u00bbleft\u00bb global_colors_info=\u00bb{}\u00bb theme_builder_area=\u00bbpost_content\u00bb]<\/p>\n<p><a href=\"mailto:enicip@udea.edu.co\">enicip@udea.edu.co<\/a><br \/>\u00a9 ENICIP<\/p>\n<p>[\/et_pb_text][\/et_pb_column][et_pb_column type=\u00bb1_3&#8243; _builder_version=\u00bb4.18.1&#8243; _module_preset=\u00bbdefault\u00bb global_colors_info=\u00bb{}\u00bb theme_builder_area=\u00bbpost_content\u00bb][et_pb_image src=\u00bbhttps:\/\/enicip.edu.co\/wp-content\/uploads\/2025\/04\/Logo_blancoVertical.png\u00bb alt=\u00bbLogo enicip 2025_ blanco\u00bb title_text=\u00bbLogo_blancoVertical\u00bb _builder_version=\u00bb4.27.4&#8243; _module_preset=\u00bbdefault\u00bb width=\u00bb50%\u00bb global_colors_info=\u00bb{}\u00bb theme_builder_area=\u00bbpost_content\u00bb][\/et_pb_image][\/et_pb_column][\/et_pb_row][\/et_pb_section]<\/p>\n","protected":false},"excerpt":{"rendered":"<p>Nos alegramos de comunicar que ya se encuentran disponibles sus certificados de participaci\u00f3n en el XVIII Encuentro Nacional y XI Internacional de Investigadores de las Ciencias Pecuarias &#8211; ENICIP 2025. Para descargarlo deben ingresar al siguiente link con su documento de identidad o correo electr\u00f3nico y diligenciar la encuesta de satisfacci\u00f3n.Los certificados son emitidos solo [&hellip;]<\/p>\n","protected":false},"author":6,"featured_media":0,"parent":0,"menu_order":0,"comment_status":"closed","ping_status":"closed","template":"","meta":{"_et_pb_use_builder":"on","_et_pb_old_content":"","_et_gb_content_width":"","footnotes":""},"class_list":["post-2032","page","type-page","status-publish","hentry"],"_links":{"self":[{"href":"https:\/\/enicip.edu.co\/en\/wp-json\/wp\/v2\/pages\/2032","targetHints":{"allow":["GET"]}}],"collection":[{"href":"https:\/\/enicip.edu.co\/en\/wp-json\/wp\/v2\/pages"}],"about":[{"href":"https:\/\/enicip.edu.co\/en\/wp-json\/wp\/v2\/types\/page"}],"author":[{"embeddable":true,"href":"https:\/\/enicip.edu.co\/en\/wp-json\/wp\/v2\/users\/6"}],"replies":[{"embeddable":true,"href":"https:\/\/enicip.edu.co\/en\/wp-json\/wp\/v2\/comments?post=2032"}],"version-history":[{"count":6,"href":"https:\/\/enicip.edu.co\/en\/wp-json\/wp\/v2\/pages\/2032\/revisions"}],"predecessor-version":[{"id":2041,"href":"https:\/\/enicip.edu.co\/en\/wp-json\/wp\/v2\/pages\/2032\/revisions\/2041"}],"wp:attachment":[{"href":"https:\/\/enicip.edu.co\/en\/wp-json\/wp\/v2\/media?parent=2032"}],"curies":[{"name":"wp","href":"https:\/\/api.w.org\/{rel}","templated":true}]}}